{"id":18738,"date":"2024-04-18T01:20:17","date_gmt":"2024-04-17T23:20:17","guid":{"rendered":"https:\/\/vitalcan.es\/tienda\/?page_id=18738"},"modified":"2024-04-22T20:02:57","modified_gmt":"2024-04-22T18:02:57","slug":"politica-de-cookies","status":"publish","type":"page","link":"https:\/\/vitalcan.es\/tienda\/politica-de-cookies\/","title":{"rendered":"Pol\u00edtica de cookies"},"content":{"rendered":"\t\t<div data-elementor-type=\"wp-page\" data-elementor-id=\"18738\" class=\"elementor elementor-18738\" data-elementor-post-type=\"page\">\n\t\t\t\t<div class=\"elementor-element elementor-element-7c7c544 e-flex e-con-boxed e-con e-parent\" data-id=\"7c7c544\" data-element_type=\"container\" data-e-type=\"container\">\n\t\t\t\t\t<div class=\"e-con-inner\">\n\t\t<div class=\"elementor-element elementor-element-97d6084 e-con-full e-flex e-con e-child\" data-id=\"97d6084\" data-element_type=\"container\" data-e-type=\"container\">\n\t\t\t\t<div class=\"elementor-element elementor-element-98d830b elementor-widget__width-initial wd-width-100 elementor-widget elementor-widget-wd_title\" data-id=\"98d830b\" data-element_type=\"widget\" data-e-type=\"widget\" data-widget_type=\"wd_title.default\">\n\t\t\t\t<div class=\"elementor-widget-container\">\n\t\t\t\t\t\t\t<div class=\"title-wrapper set-mb-s reset-last-child wd-title-color-primary wd-title-style-default wd-title-size-large text-left\">\n\n\t\t\t\t\t\t\t<div class=\"title-subtitle subtitle-color-primary subtitle-style-default wd-fontsize-xs\">\n\t\t\t\t\tINFORMACI\u00d3N LEGAL\t\t\t\t<\/div>\n\t\t\t\n\t\t\t<div class=\"liner-continer\">\n\t\t\t\t<h4 class=\"woodmart-title-container title wd-fontsize-xxl\">POL\u00cdTICA DE COOKIES<\/h4> \n\t\t\t\t\t\t\t<\/div>\n\n\t\t\t\t\t<\/div>\n\t\t\t\t\t\t<\/div>\n\t\t\t\t<\/div>\n\t\t\t\t<\/div>\n\t\t\t\t\t<\/div>\n\t\t\t\t<\/div>\n\t\t<div class=\"elementor-element elementor-element-267a12c e-flex e-con-boxed e-con e-parent\" data-id=\"267a12c\" data-element_type=\"container\" data-e-type=\"container\">\n\t\t\t\t\t<div class=\"e-con-inner\">\n\t\t\t\t<div class=\"elementor-element elementor-element-995c817 elementor-widget elementor-widget-heading\" data-id=\"995c817\" data-element_type=\"widget\" data-e-type=\"widget\" data-widget_type=\"heading.default\">\n\t\t\t\t<div class=\"elementor-widget-container\">\n\t\t\t\t\t<h2 class=\"elementor-heading-title elementor-size-default\">INFORMACI\u00d3N GENERAL\n<\/h2>\t\t\t\t<\/div>\n\t\t\t\t<\/div>\n\t\t\t\t<div class=\"elementor-element elementor-element-66e47ad elementor-widget elementor-widget-wd_text_block\" data-id=\"66e47ad\" data-element_type=\"widget\" data-e-type=\"widget\" data-widget_type=\"wd_text_block.default\">\n\t\t\t\t<div class=\"elementor-widget-container\">\n\t\t\t\t\t\t\t<div class=\"wd-text-block reset-last-child text-left\">\n\t\t\t\n\t\t\t<p>El titular del sitio web sitio web www.vitalcan.es es . Con \u00e1nimo de que el uso del sitio web se ajuste a criterios de transparencia, claridad y sencillez, VITALCAN informa al usuario que cualquier sugerencia, duda o consulta sobre el presente Aviso Legal o cualquier otro documento informativo del sitio web ser\u00e1 recibida y solucionada contactando con VITALCAN, a trav\u00e9s de la direcci\u00f3n de correo electr\u00f3nica: info@vitalcan.es<\/p>\n\t\t\t\t\t<\/div>\n\t\t\t\t\t\t<\/div>\n\t\t\t\t<\/div>\n\t\t\t\t\t<\/div>\n\t\t\t\t<\/div>\n\t\t<div class=\"elementor-element elementor-element-ae97ef5 e-flex e-con-boxed e-con e-parent\" data-id=\"ae97ef5\" data-element_type=\"container\" data-e-type=\"container\">\n\t\t\t\t\t<div class=\"e-con-inner\">\n\t\t\t\t<div class=\"elementor-element elementor-element-1d24eae elementor-widget elementor-widget-heading\" data-id=\"1d24eae\" data-element_type=\"widget\" data-e-type=\"widget\" data-widget_type=\"heading.default\">\n\t\t\t\t<div class=\"elementor-widget-container\">\n\t\t\t\t\t<h2 class=\"elementor-heading-title elementor-size-default\">CONDICIONES DE USO\n<\/h2>\t\t\t\t<\/div>\n\t\t\t\t<\/div>\n\t\t\t\t<div class=\"elementor-element elementor-element-26a47d2 elementor-widget elementor-widget-wd_text_block\" data-id=\"26a47d2\" data-element_type=\"widget\" data-e-type=\"widget\" data-widget_type=\"wd_text_block.default\">\n\t\t\t\t<div class=\"elementor-widget-container\">\n\t\t\t\t\t\t\t<div class=\"wd-text-block reset-last-child text-left\">\n\t\t\t\n\t\t\t<p>La presente p\u00e1gina Web ha sido dise\u00f1ada para dar a conocer los servicios ofertados, con fines meramente informativos, as\u00ed como para la recepci\u00f3n de posibles clientes, contactos comerciales y demandas de empleo.<br \/>La web contiene contenidos elaborados por los titulares de la misma, y \u00e9stos podr\u00edan no reflejar la actualidad m\u00e1s reciente, por lo que en cualquier momento dichos contenidos podr\u00e1n ser modificados y\/o sustituidos por unos nuevos, sin notificaci\u00f3n previa, ni responsabilidad alguna.<\/p><p>Los Contenidos de la web no pueden ser considerados, en ning\u00fan caso, como sustitutivos de asesoramiento legal, ni de ning\u00fan otro tipo de asesoramiento. No existir\u00e1 ning\u00fan tipo de relaci\u00f3n comercial, profesional, ni ning\u00fan tipo de relaci\u00f3n de otra \u00edndole con los profesionales que integran la web por el mero hecho del acceso a ella por parte de los usuarios.<\/p><p>Esta web no garantiza ni la rapidez ni la no interrupci\u00f3n. Asimismo, el titular de la web y colaboradores, tampoco podr\u00e1n ser considerados responsables por cualesquiera da\u00f1os derivados de la utilizaci\u00f3n de esta web, ni por cualquier actuaci\u00f3n realizada sobre la base de la informaci\u00f3n que en ella se facilita.<\/p><p>Aunque ponemos todos los medios posibles para la seguridad del sitio web, no se garantiza la ausencia de virus u otros elementos lesivos que pudieran causar da\u00f1os o alteraciones en el sistema inform\u00e1tico, en los documentos electr\u00f3nicos o en los ficheros del usuario de este sitio web. En consecuencia, no se responde por los da\u00f1os y perjuicios que tales elementos pudieran ocasionar al usuario o a terceros.<\/p>\n\t\t\t\t\t<\/div>\n\t\t\t\t\t\t<\/div>\n\t\t\t\t<\/div>\n\t\t\t\t\t<\/div>\n\t\t\t\t<\/div>\n\t\t<div class=\"elementor-element elementor-element-82a9b8a e-flex e-con-boxed e-con e-parent\" data-id=\"82a9b8a\" data-element_type=\"container\" data-e-type=\"container\">\n\t\t\t\t\t<div class=\"e-con-inner\">\n\t\t\t\t<div class=\"elementor-element elementor-element-9552a51 elementor-widget elementor-widget-heading\" data-id=\"9552a51\" data-element_type=\"widget\" data-e-type=\"widget\" data-widget_type=\"heading.default\">\n\t\t\t\t<div class=\"elementor-widget-container\">\n\t\t\t\t\t<h2 class=\"elementor-heading-title elementor-size-default\">PROPIEDAD INTELECTUAL E INDUSTRIAL\n<\/h2>\t\t\t\t<\/div>\n\t\t\t\t<\/div>\n\t\t\t\t<div class=\"elementor-element elementor-element-e06261e elementor-widget elementor-widget-wd_text_block\" data-id=\"e06261e\" data-element_type=\"widget\" data-e-type=\"widget\" data-widget_type=\"wd_text_block.default\">\n\t\t\t\t<div class=\"elementor-widget-container\">\n\t\t\t\t\t\t\t<div class=\"wd-text-block reset-last-child text-left\">\n\t\t\t\n\t\t\t<p>Los derechos de propiedad intelectual de la p\u00e1gina www.vitalcan.es, su c\u00f3digo fuente, dise\u00f1o, estructuras de navegaci\u00f3n y los distintos elementos en ella contenidos son titularidad de VITALCAN, a quien corresponde el ejercicio exclusivo de los derechos de explotaci\u00f3n de los mismos en cualquier forma y, en especial, los derechos de reproducci\u00f3n, distribuci\u00f3n, comunicaci\u00f3n p\u00fablica y transformaci\u00f3n, de acuerdo con la legislaci\u00f3n espa\u00f1ola y de la uni\u00f3n europea aplicable.<\/p><p>El portal de VITALCAN., las p\u00e1ginas que comprende y la informaci\u00f3n o elementos contenidos en las mismas, incluyen textos, documentos, fotograf\u00edas, dibujos, representaciones gr\u00e1ficas, programas inform\u00e1ticos, as\u00ed como logotipos, marcas, nombres comerciales, u otros signos distintivos, protegidos por derechos de propiedad intelectual o industrial, de los que VITALCAN. son titulares o leg\u00edtimas licenciatarias.&nbsp;<\/p>\n\t\t\t\t\t<\/div>\n\t\t\t\t\t\t<\/div>\n\t\t\t\t<\/div>\n\t\t\t\t\t<\/div>\n\t\t\t\t<\/div>\n\t\t\t\t<\/div>\n\t\t","protected":false},"excerpt":{"rendered":"<p>INFORMACI\u00d3N LEGAL POL\u00cdTICA DE COOKIES INFORMACI\u00d3N GENERAL El titular del sitio web sitio web www.vitalcan.es es . Con \u00e1nimo de<\/p>\n","protected":false},"author":3,"featured_media":0,"parent":0,"menu_order":0,"comment_status":"closed","ping_status":"closed","template":"","meta":{"footnotes":""},"class_list":["post-18738","page","type-page","status-publish","hentry"],"_links":{"self":[{"href":"https:\/\/vitalcan.es\/tienda\/wp-json\/wp\/v2\/pages\/18738","targetHints":{"allow":["GET"]}}],"collection":[{"href":"https:\/\/vitalcan.es\/tienda\/wp-json\/wp\/v2\/pages"}],"about":[{"href":"https:\/\/vitalcan.es\/tienda\/wp-json\/wp\/v2\/types\/page"}],"author":[{"embeddable":true,"href":"https:\/\/vitalcan.es\/tienda\/wp-json\/wp\/v2\/users\/3"}],"replies":[{"embeddable":true,"href":"https:\/\/vitalcan.es\/tienda\/wp-json\/wp\/v2\/comments?post=18738"}],"version-history":[{"count":10,"href":"https:\/\/vitalcan.es\/tienda\/wp-json\/wp\/v2\/pages\/18738\/revisions"}],"predecessor-version":[{"id":19032,"href":"https:\/\/vitalcan.es\/tienda\/wp-json\/wp\/v2\/pages\/18738\/revisions\/19032"}],"wp:attachment":[{"href":"https:\/\/vitalcan.es\/tienda\/wp-json\/wp\/v2\/media?parent=18738"}],"curies":[{"name":"wp","href":"https:\/\/api.w.org\/{rel}","templated":true}]}}