{"id":19082,"date":"2024-09-06T11:30:17","date_gmt":"2024-09-06T09:30:17","guid":{"rendered":"https:\/\/vitalcan.es\/tienda\/?page_id=19082"},"modified":"2025-04-02T11:34:11","modified_gmt":"2025-04-02T09:34:11","slug":"medicamentos-para-mascotas-sevilla","status":"publish","type":"page","link":"https:\/\/vitalcan.es\/tienda\/medicamentos-para-mascotas-sevilla\/","title":{"rendered":"Medicamentos para mascotas"},"content":{"rendered":"\t\t<div data-elementor-type=\"wp-page\" data-elementor-id=\"19082\" class=\"elementor elementor-19082\" data-elementor-post-type=\"page\">\n\t\t\t\t<div class=\"elementor-element elementor-element-8f349a9 e-flex e-con-boxed e-con e-parent\" data-id=\"8f349a9\" data-element_type=\"container\" data-e-type=\"container\">\n\t\t\t\t\t<div class=\"e-con-inner\">\n\t\t\t\t<div class=\"elementor-element elementor-element-2371689 elementor-widget elementor-widget-heading\" data-id=\"2371689\" data-element_type=\"widget\" data-e-type=\"widget\" data-widget_type=\"heading.default\">\n\t\t\t\t<div class=\"elementor-widget-container\">\n\t\t\t\t\t<h1 class=\"elementor-heading-title elementor-size-default\">MEDICAMENTOS PARA MASCOTAS<\/h1>\t\t\t\t<\/div>\n\t\t\t\t<\/div>\n\t\t\t\t<div class=\"elementor-element elementor-element-1d7dba0 elementor-widget-divider--view-line elementor-widget elementor-widget-divider\" data-id=\"1d7dba0\" data-element_type=\"widget\" data-e-type=\"widget\" data-widget_type=\"divider.default\">\n\t\t\t\t<div class=\"elementor-widget-container\">\n\t\t\t\t\t\t\t<div class=\"elementor-divider\">\n\t\t\t<span class=\"elementor-divider-separator\">\n\t\t\t\t\t\t<\/span>\n\t\t<\/div>\n\t\t\t\t\t\t<\/div>\n\t\t\t\t<\/div>\n\t\t\t\t<div class=\"elementor-element elementor-element-1525529 elementor-widget elementor-widget-image\" data-id=\"1525529\" data-element_type=\"widget\" data-e-type=\"widget\" data-widget_type=\"image.default\">\n\t\t\t\t<div class=\"elementor-widget-container\">\n\t\t\t\t\t\t\t\t\t\t\t\t\t\t\t<img fetchpriority=\"high\" decoding=\"async\" width=\"660\" height=\"330\" src=\"https:\/\/vitalcan.es\/tienda\/wp-content\/uploads\/meidcamentos-para-mascotas-sevilla.jpg\" class=\"attachment-large size-large wp-image-19085\" alt=\"Medicamentos mascotas Sevilla\" srcset=\"https:\/\/vitalcan.es\/tienda\/wp-content\/uploads\/meidcamentos-para-mascotas-sevilla.jpg 660w, https:\/\/vitalcan.es\/tienda\/wp-content\/uploads\/meidcamentos-para-mascotas-sevilla-430x215.jpg 430w, https:\/\/vitalcan.es\/tienda\/wp-content\/uploads\/meidcamentos-para-mascotas-sevilla-150x75.jpg 150w, https:\/\/vitalcan.es\/tienda\/wp-content\/uploads\/meidcamentos-para-mascotas-sevilla-400x200.jpg 400w\" sizes=\"(max-width: 660px) 100vw, 660px\" \/>\t\t\t\t\t\t\t\t\t\t\t\t\t\t\t<\/div>\n\t\t\t\t<\/div>\n\t\t\t\t\t<\/div>\n\t\t\t\t<\/div>\n\t\t<div class=\"elementor-element elementor-element-92060e6 e-flex e-con-boxed e-con e-parent\" data-id=\"92060e6\" data-element_type=\"container\" data-e-type=\"container\">\n\t\t\t\t\t<div class=\"e-con-inner\">\n\t\t\t\t<div class=\"elementor-element elementor-element-449ef36 elementor-widget elementor-widget-wd_text_block\" data-id=\"449ef36\" data-element_type=\"widget\" data-e-type=\"widget\" data-widget_type=\"wd_text_block.default\">\n\t\t\t\t<div class=\"elementor-widget-container\">\n\t\t\t\t\t\t\t<div class=\"wd-text-block reset-last-child text-left\">\n\t\t\t\n\t\t\t<p>En nuestra tienda online especializada en salud animal, entendemos que tus mascotas son parte de tu familia. Por eso, te ofrecemos una amplia gama de medicamentos veterinarios de alta calidad, cuidadosamente seleccionados para ayudarte a cuidar de su bienestar en cada etapa de su vida.<\/p><p>Contamos con un completo cat\u00e1logo que incluye:<\/p><p>Antiparasitarios internos y externos<\/p><p>Tratamientos dermatol\u00f3gicos<\/p><p>Medicamentos para el sistema digestivo, respiratorio y urinario<\/p><p>Productos para el cuidado de las articulaciones y movilidad<\/p><p>Calmantes y suplementos para la ansiedad y el estr\u00e9s<\/p><p>Vitaminas, suplementos y productos de apoyo inmunol\u00f3gico<\/p><p>Calidad y seguridad garantizadas<br \/>Todos nuestros productos son 100% originales, procedentes de laboratorios veterinarios reconocidos y cumplen con las normativas sanitarias vigentes. Trabajamos solo con marcas de confianza, para que tu mascota reciba siempre el mejor cuidado posible.<\/p><p>Atenci\u00f3n local desde Sevilla<br \/>Aunque somos una tienda online, nuestra base est\u00e1 en Sevilla, lo que nos permite ofrecerte un servicio r\u00e1pido, cercano y adaptado a las necesidades de quienes viven en la ciudad y alrededores. Realizamos env\u00edos r\u00e1pidos en toda la provincia y ofrecemos asistencia personalizada para que siempre tengas el respaldo de un equipo profesional.<\/p><p>Asesoramiento profesional<br \/>Si tienes dudas sobre qu\u00e9 medicamento necesita tu mascota, nuestro equipo est\u00e1 aqu\u00ed para ayudarte. Colaboramos con profesionales veterinarios que pueden orientarte en la elecci\u00f3n adecuada, siempre bajo la premisa de que la salud de tu compa\u00f1ero es lo m\u00e1s importante.<\/p><p>Compra f\u00e1cil, r\u00e1pida y segura<br \/>Navega por nuestra web, encuentra lo que necesitas y rec\u00edbelo en casa en muy poco tiempo. Ahorra tiempo, evita desplazamientos innecesarios y asegura el bienestar de tu peludo con tan solo unos clics.<\/p><p>Tu tienda de confianza en medicamentos para mascotas en Sevilla. Porque cuidar de ellos, tambi\u00e9n es cuidarte a ti.<\/p>\n\t\t\t\t\t<\/div>\n\t\t\t\t\t\t<\/div>\n\t\t\t\t<\/div>\n\t\t\t\t\t<\/div>\n\t\t\t\t<\/div>\n\t\t\t\t<\/div>\n\t\t","protected":false},"excerpt":{"rendered":"<p>MEDICAMENTOS PARA MASCOTAS En nuestra tienda online especializada en salud animal, entendemos que tus mascotas son parte de tu familia.<\/p>\n","protected":false},"author":3,"featured_media":0,"parent":0,"menu_order":0,"comment_status":"closed","ping_status":"closed","template":"","meta":{"footnotes":""},"class_list":["post-19082","page","type-page","status-publish","hentry"],"_links":{"self":[{"href":"https:\/\/vitalcan.es\/tienda\/wp-json\/wp\/v2\/pages\/19082","targetHints":{"allow":["GET"]}}],"collection":[{"href":"https:\/\/vitalcan.es\/tienda\/wp-json\/wp\/v2\/pages"}],"about":[{"href":"https:\/\/vitalcan.es\/tienda\/wp-json\/wp\/v2\/types\/page"}],"author":[{"embeddable":true,"href":"https:\/\/vitalcan.es\/tienda\/wp-json\/wp\/v2\/users\/3"}],"replies":[{"embeddable":true,"href":"https:\/\/vitalcan.es\/tienda\/wp-json\/wp\/v2\/comments?post=19082"}],"version-history":[{"count":8,"href":"https:\/\/vitalcan.es\/tienda\/wp-json\/wp\/v2\/pages\/19082\/revisions"}],"predecessor-version":[{"id":19097,"href":"https:\/\/vitalcan.es\/tienda\/wp-json\/wp\/v2\/pages\/19082\/revisions\/19097"}],"wp:attachment":[{"href":"https:\/\/vitalcan.es\/tienda\/wp-json\/wp\/v2\/media?parent=19082"}],"curies":[{"name":"wp","href":"https:\/\/api.w.org\/{rel}","templated":true}]}}