{"id":24,"date":"2024-03-08T14:15:02","date_gmt":"2024-03-08T13:15:02","guid":{"rendered":"https:\/\/vitalcan.es\/tienda\/carrito\/"},"modified":"2026-03-26T09:38:34","modified_gmt":"2026-03-26T08:38:34","slug":"carrito","status":"publish","type":"page","link":"https:\/\/vitalcan.es\/tienda\/carrito\/","title":{"rendered":"Carrito"},"content":{"rendered":"\n<div data-block-name=\"woocommerce\/cart\" class=\"wp-block-woocommerce-cart alignwide is-loading\">\n<div data-block-name=\"woocommerce\/filled-cart-block\" class=\"wp-block-woocommerce-filled-cart-block\">\n<div data-block-name=\"woocommerce\/cart-items-block\" class=\"wp-block-woocommerce-cart-items-block\">\n<div data-block-name=\"woocommerce\/cart-line-items-block\" class=\"wp-block-woocommerce-cart-line-items-block\"><\/div>\n\n\n\n<div data-block-name=\"woocommerce\/cart-cross-sells-block\" class=\"wp-block-woocommerce-cart-cross-sells-block\">\n<h2 class=\"wp-block-heading has-large-font-size\">Puede que te interese\u2026<\/h2>\n\n\n\n<div data-block-name=\"woocommerce\/cart-cross-sells-products-block\" class=\"wp-block-woocommerce-cart-cross-sells-products-block\"><\/div>\n<\/div>\n<\/div>\n\n\n\n<div data-block-name=\"woocommerce\/cart-totals-block\" class=\"wp-block-woocommerce-cart-totals-block\">\n<div data-block-name=\"woocommerce\/cart-order-summary-block\" class=\"wp-block-woocommerce-cart-order-summary-block\">\n<div data-block-name=\"woocommerce\/cart-order-summary-heading-block\" class=\"wp-block-woocommerce-cart-order-summary-heading-block\"><\/div><div data-block-name=\"woocommerce\/cart-order-summary-coupon-form-block\" class=\"wp-block-woocommerce-cart-order-summary-coupon-form-block\"><\/div><div data-block-name=\"woocommerce\/cart-order-summary-totals-block\" class=\"wp-block-woocommerce-cart-order-summary-totals-block\">\n<div data-block-name=\"woocommerce\/cart-order-summary-subtotal-block\" class=\"wp-block-woocommerce-cart-order-summary-subtotal-block\"><\/div>\n<div data-block-name=\"woocommerce\/cart-order-summary-discount-block\" class=\"wp-block-woocommerce-cart-order-summary-discount-block\"><\/div>\n<div data-block-name=\"woocommerce\/cart-order-summary-fee-block\" class=\"wp-block-woocommerce-cart-order-summary-fee-block\"><\/div>\n<div data-block-name=\"woocommerce\/cart-order-summary-shipping-block\" class=\"wp-block-woocommerce-cart-order-summary-shipping-block\"><\/div>\n<div data-block-name=\"woocommerce\/cart-order-summary-taxes-block\" class=\"wp-block-woocommerce-cart-order-summary-taxes-block\"><\/div><\/div>\n<\/div>\n\n\n\n<div data-block-name=\"woocommerce-paypal-payments\/cart-paylater-messages\" data-pp-placement=\"cart\" data-pp-style-layout=\"text\" data-pp-style-logo-position=\"left\" data-pp-style-logo-type=\"inline\" data-pp-style-text-color=\"black\" data-pp-style-text-size=\"12\" id=\"ppcp-cart-paylater-messages\" class=\"ppcp-messages\" data-partner-attribution-id=\"Woo_PPCP\"><\/div><div data-block-name=\"woocommerce\/cart-express-payment-block\" class=\"wp-block-woocommerce-cart-express-payment-block\"><\/div>\n\n\n\n<div data-block-name=\"woocommerce\/proceed-to-checkout-block\" class=\"wp-block-woocommerce-proceed-to-checkout-block\"><\/div>\n<div id=\"ppcp-recaptcha-v2-container\" style=\"margin:20px 0;\"><\/div>\n\n\n<div data-block-name=\"woocommerce\/cart-accepted-payment-methods-block\" class=\"wp-block-woocommerce-cart-accepted-payment-methods-block\"><\/div>\n<\/div>\n<\/div>\n\n\n\n<div data-block-name=\"woocommerce\/empty-cart-block\" class=\"wp-block-woocommerce-empty-cart-block\">\n<h2 class=\"wp-block-heading has-text-align-center with-empty-cart-icon wc-block-cart__empty-cart__title\">\u00a1Tu carrito est\u00e1 actualmente vac\u00edo!<\/h2>\n\n\n\n<hr class=\"wp-block-separator has-alpha-channel-opacity is-style-dots\"\/>\n\n\n\n<h2 class=\"wp-block-heading has-text-align-center\">Nuevo en la tienda<\/h2>\n\n\n<div data-block-name=\"woocommerce\/product-new\" data-columns=\"4\" data-rows=\"1\" class=\"wc-block-grid wp-block-product-new wp-block-woocommerce-product-new wc-block-product-new has-4-columns\"><ul class=\"wc-block-grid__products\"><li class=\"wc-block-grid__product\">\n\t\t\t\t<a href=\"https:\/\/vitalcan.es\/tienda\/higiene-y-salud\/renal-y-urinaria\/porus-one-500mg-30-sobres-gatos\/\" class=\"wc-block-grid__product-link\">\n\t\t\t\t\t<div class=\"wc-block-grid__product-onsale\">\n\t\t\t<span aria-hidden=\"true\">Oferta<\/span>\n\t\t\t<span class=\"screen-reader-text\">Producto en oferta<\/span>\n\t\t<\/div>\n\t\t\t\t\t<div class=\"wc-block-grid__product-image\"><img fetchpriority=\"high\" decoding=\"async\" width=\"430\" height=\"403\" src=\"https:\/\/vitalcan.es\/tienda\/wp-content\/uploads\/porus-one-30-x-500-mg-salud-renal-en-gatos-430x403.jpg\" class=\"attachment-woocommerce_thumbnail size-woocommerce_thumbnail\" alt=\"porus one gatos 500 mg 30 sobres suplemento renal toxinas uremicas gatos\" srcset=\"https:\/\/vitalcan.es\/tienda\/wp-content\/uploads\/porus-one-30-x-500-mg-salud-renal-en-gatos-430x403.jpg 430w, https:\/\/vitalcan.es\/tienda\/wp-content\/uploads\/porus-one-30-x-500-mg-salud-renal-en-gatos-320x300.jpg 320w, https:\/\/vitalcan.es\/tienda\/wp-content\/uploads\/porus-one-30-x-500-mg-salud-renal-en-gatos-853x800.jpg 853w, https:\/\/vitalcan.es\/tienda\/wp-content\/uploads\/porus-one-30-x-500-mg-salud-renal-en-gatos-150x141.jpg 150w, https:\/\/vitalcan.es\/tienda\/wp-content\/uploads\/porus-one-30-x-500-mg-salud-renal-en-gatos-768x720.jpg 768w, https:\/\/vitalcan.es\/tienda\/wp-content\/uploads\/porus-one-30-x-500-mg-salud-renal-en-gatos-860x806.jpg 860w, https:\/\/vitalcan.es\/tienda\/wp-content\/uploads\/porus-one-30-x-500-mg-salud-renal-en-gatos-700x656.jpg 700w, https:\/\/vitalcan.es\/tienda\/wp-content\/uploads\/porus-one-30-x-500-mg-salud-renal-en-gatos.jpg 1200w\" sizes=\"(max-width: 430px) 100vw, 430px\" \/><\/div>\n\t\t\t\t\t<div class=\"wc-block-grid__product-title\">Porus One 500 mg 30 Sobres para Gatos | Apoyo Renal Avanzado y Control de Toxinas<\/div>\n\t\t\t\t<\/a>\n\t\t\t\t<div class=\"wc-block-grid__product-price price\"><del aria-hidden=\"true\"><span class=\"woocommerce-Price-amount amount\">37,40&nbsp;<span class=\"woocommerce-Price-currencySymbol\">&euro;<\/span><\/span><\/del> <span class=\"screen-reader-text\">El precio original era: 37,40&nbsp;&euro;.<\/span><ins aria-hidden=\"true\"><span class=\"woocommerce-Price-amount amount\">27,40&nbsp;<span class=\"woocommerce-Price-currencySymbol\">&euro;<\/span><\/span><\/ins><span class=\"screen-reader-text\">El precio actual es: 27,40&nbsp;&euro;.<\/span><\/div>\n\t\t\t\t\n\t\t\t\t<div class=\"wp-block-button wc-block-grid__product-add-to-cart\"><a href=\"\/tienda\/wp-json\/wp\/v2\/pages\/24?add-to-cart=20770\" aria-label=\"A\u00f1adir al carrito: &ldquo;Porus One 500 mg 30 Sobres para Gatos | Apoyo Renal Avanzado y Control de Toxinas&rdquo;\" data-quantity=\"1\" data-product_id=\"20770\" data-product_sku=\"\" data-price=\"27.4\" rel=\"nofollow\" class=\"wp-block-button__link  add_to_cart_button ajax_add_to_cart\">A\u00f1adir al carrito<\/a><\/div>\n\t\t\t<\/li><li class=\"wc-block-grid__product\">\n\t\t\t\t<a href=\"https:\/\/vitalcan.es\/tienda\/higiene-y-salud\/ocular\/lubrithal-gel-ocular-perros-gatos-15g\/\" class=\"wc-block-grid__product-link\">\n\t\t\t\t\t<div class=\"wc-block-grid__product-onsale\">\n\t\t\t<span aria-hidden=\"true\">Oferta<\/span>\n\t\t\t<span class=\"screen-reader-text\">Producto en oferta<\/span>\n\t\t<\/div>\n\t\t\t\t\t<div class=\"wc-block-grid__product-image\"><img decoding=\"async\" width=\"430\" height=\"430\" src=\"https:\/\/vitalcan.es\/tienda\/wp-content\/uploads\/lubrithal-gel-ocular-perros-y-gatos-10-gr-430x430.jpg\" class=\"attachment-woocommerce_thumbnail size-woocommerce_thumbnail\" alt=\"lubrithal gel ocular perros gatos 15 g lubricante ojo seco mascotas\" srcset=\"https:\/\/vitalcan.es\/tienda\/wp-content\/uploads\/lubrithal-gel-ocular-perros-y-gatos-10-gr-430x430.jpg 430w, https:\/\/vitalcan.es\/tienda\/wp-content\/uploads\/lubrithal-gel-ocular-perros-y-gatos-10-gr-300x300.jpg 300w, https:\/\/vitalcan.es\/tienda\/wp-content\/uploads\/lubrithal-gel-ocular-perros-y-gatos-10-gr-150x150.jpg 150w, https:\/\/vitalcan.es\/tienda\/wp-content\/uploads\/lubrithal-gel-ocular-perros-y-gatos-10-gr-768x768.jpg 768w, https:\/\/vitalcan.es\/tienda\/wp-content\/uploads\/lubrithal-gel-ocular-perros-y-gatos-10-gr-700x700.jpg 700w, https:\/\/vitalcan.es\/tienda\/wp-content\/uploads\/lubrithal-gel-ocular-perros-y-gatos-10-gr.jpg 800w\" sizes=\"(max-width: 430px) 100vw, 430px\" \/><\/div>\n\t\t\t\t\t<div class=\"wc-block-grid__product-title\">Lubrithal Gel Ocular 15 g para Perros y Gatos | Hidrataci\u00f3n y Protecci\u00f3n Ocular<\/div>\n\t\t\t\t<\/a>\n\t\t\t\t<div class=\"wc-block-grid__product-price price\"><del aria-hidden=\"true\"><span class=\"woocommerce-Price-amount amount\">22,55&nbsp;<span class=\"woocommerce-Price-currencySymbol\">&euro;<\/span><\/span><\/del> <span class=\"screen-reader-text\">El precio original era: 22,55&nbsp;&euro;.<\/span><ins aria-hidden=\"true\"><span class=\"woocommerce-Price-amount amount\">15,40&nbsp;<span class=\"woocommerce-Price-currencySymbol\">&euro;<\/span><\/span><\/ins><span class=\"screen-reader-text\">El precio actual es: 15,40&nbsp;&euro;.<\/span><\/div>\n\t\t\t\t\n\t\t\t\t<div class=\"wp-block-button wc-block-grid__product-add-to-cart\"><a href=\"\/tienda\/wp-json\/wp\/v2\/pages\/24?add-to-cart=20752\" aria-label=\"A\u00f1adir al carrito: &ldquo;Lubrithal Gel Ocular 15 g para Perros y Gatos | Hidrataci\u00f3n y Protecci\u00f3n Ocular&rdquo;\" data-quantity=\"1\" data-product_id=\"20752\" data-product_sku=\"\" data-price=\"15.4\" rel=\"nofollow\" class=\"wp-block-button__link  add_to_cart_button ajax_add_to_cart\">A\u00f1adir al carrito<\/a><\/div>\n\t\t\t<\/li><li class=\"wc-block-grid__product\">\n\t\t\t\t<a href=\"https:\/\/vitalcan.es\/tienda\/higiene-y-salud\/digestiva\/catmalt-dechra-malta-gatos-bolas-pelo\/\" class=\"wc-block-grid__product-link\">\n\t\t\t\t\t<div class=\"wc-block-grid__product-onsale\">\n\t\t\t<span aria-hidden=\"true\">Oferta<\/span>\n\t\t\t<span class=\"screen-reader-text\">Producto en oferta<\/span>\n\t\t<\/div>\n\t\t\t\t\t<div class=\"wc-block-grid__product-image\"><img decoding=\"async\" width=\"430\" height=\"430\" src=\"https:\/\/vitalcan.es\/tienda\/wp-content\/uploads\/CATMALT-430x430.jpeg\" class=\"attachment-woocommerce_thumbnail size-woocommerce_thumbnail\" alt=\"catmalt dechra malta gatos bolas de pelo pasta digestiva gatos\" srcset=\"https:\/\/vitalcan.es\/tienda\/wp-content\/uploads\/CATMALT-430x430.jpeg 430w, https:\/\/vitalcan.es\/tienda\/wp-content\/uploads\/CATMALT-300x300.jpeg 300w, https:\/\/vitalcan.es\/tienda\/wp-content\/uploads\/CATMALT-150x150.jpeg 150w, https:\/\/vitalcan.es\/tienda\/wp-content\/uploads\/CATMALT.jpeg 480w\" sizes=\"(max-width: 430px) 100vw, 430px\" \/><\/div>\n\t\t\t\t\t<div class=\"wc-block-grid__product-title\">Catmalt Dechra Malta para Gatos | Elimina Bolas de Pelo y Mejora la Digesti\u00f3n<\/div>\n\t\t\t\t<\/a>\n\t\t\t\t<div class=\"wc-block-grid__product-price price\"><del aria-hidden=\"true\"><span class=\"woocommerce-Price-amount amount\">14,00&nbsp;<span class=\"woocommerce-Price-currencySymbol\">&euro;<\/span><\/span><\/del> <span class=\"screen-reader-text\">El precio original era: 14,00&nbsp;&euro;.<\/span><ins aria-hidden=\"true\"><span class=\"woocommerce-Price-amount amount\">9,90&nbsp;<span class=\"woocommerce-Price-currencySymbol\">&euro;<\/span><\/span><\/ins><span class=\"screen-reader-text\">El precio actual es: 9,90&nbsp;&euro;.<\/span><\/div>\n\t\t\t\t\n\t\t\t\t<div class=\"wp-block-button wc-block-grid__product-add-to-cart\"><a href=\"\/tienda\/wp-json\/wp\/v2\/pages\/24?add-to-cart=20740\" aria-label=\"A\u00f1adir al carrito: &ldquo;Catmalt Dechra Malta para Gatos | Elimina Bolas de Pelo y Mejora la Digesti\u00f3n&rdquo;\" data-quantity=\"1\" data-product_id=\"20740\" data-product_sku=\"\" data-price=\"9.9\" rel=\"nofollow\" class=\"wp-block-button__link  add_to_cart_button ajax_add_to_cart\">A\u00f1adir al carrito<\/a><\/div>\n\t\t\t<\/li><li class=\"wc-block-grid__product\">\n\t\t\t\t<a href=\"https:\/\/vitalcan.es\/tienda\/alimentacion\/snacks\/serrano-snacks-pollo-85g-perros\/\" class=\"wc-block-grid__product-link\">\n\t\t\t\t\t<div class=\"wc-block-grid__product-onsale\">\n\t\t\t<span aria-hidden=\"true\">Oferta<\/span>\n\t\t\t<span class=\"screen-reader-text\">Producto en oferta<\/span>\n\t\t<\/div>\n\t\t\t\t\t<div class=\"wc-block-grid__product-image\"><img loading=\"lazy\" decoding=\"async\" width=\"430\" height=\"430\" src=\"https:\/\/vitalcan.es\/tienda\/wp-content\/uploads\/serrano-snacks-pollo-85-g-perros-premio-natural-sabroso-snack-perros-430x430.jpg\" class=\"attachment-woocommerce_thumbnail size-woocommerce_thumbnail\" alt=\"serrano snacks pollo 85 g para perros snack natural de pollo y jamon serrano para premio y entrenamiento\" srcset=\"https:\/\/vitalcan.es\/tienda\/wp-content\/uploads\/serrano-snacks-pollo-85-g-perros-premio-natural-sabroso-snack-perros-430x430.jpg 430w, https:\/\/vitalcan.es\/tienda\/wp-content\/uploads\/serrano-snacks-pollo-85-g-perros-premio-natural-sabroso-snack-perros-300x300.jpg 300w, https:\/\/vitalcan.es\/tienda\/wp-content\/uploads\/serrano-snacks-pollo-85-g-perros-premio-natural-sabroso-snack-perros-150x150.jpg 150w, https:\/\/vitalcan.es\/tienda\/wp-content\/uploads\/serrano-snacks-pollo-85-g-perros-premio-natural-sabroso-snack-perros-768x768.jpg 768w, https:\/\/vitalcan.es\/tienda\/wp-content\/uploads\/serrano-snacks-pollo-85-g-perros-premio-natural-sabroso-snack-perros-700x700.jpg 700w, https:\/\/vitalcan.es\/tienda\/wp-content\/uploads\/serrano-snacks-pollo-85-g-perros-premio-natural-sabroso-snack-perros.jpg 780w\" sizes=\"(max-width: 430px) 100vw, 430px\" \/><\/div>\n\t\t\t\t\t<div class=\"wc-block-grid__product-title\">Serrano Snacks Pollo 85 g para Perros | Snack Natural Sabroso para Premio y Entrenamiento<\/div>\n\t\t\t\t<\/a>\n\t\t\t\t<div class=\"wc-block-grid__product-price price\"><del aria-hidden=\"true\"><span class=\"woocommerce-Price-amount amount\">1,50&nbsp;<span class=\"woocommerce-Price-currencySymbol\">&euro;<\/span><\/span><\/del> <span class=\"screen-reader-text\">El precio original era: 1,50&nbsp;&euro;.<\/span><ins aria-hidden=\"true\"><span class=\"woocommerce-Price-amount amount\">1,25&nbsp;<span class=\"woocommerce-Price-currencySymbol\">&euro;<\/span><\/span><\/ins><span class=\"screen-reader-text\">El precio actual es: 1,25&nbsp;&euro;.<\/span><\/div>\n\t\t\t\t\n\t\t\t\t<div class=\"wp-block-button wc-block-grid__product-add-to-cart\"><a href=\"\/tienda\/wp-json\/wp\/v2\/pages\/24?add-to-cart=20728\" aria-label=\"A\u00f1adir al carrito: &ldquo;Serrano Snacks Pollo 85 g para Perros | Snack Natural Sabroso para Premio y Entrenamiento&rdquo;\" data-quantity=\"1\" data-product_id=\"20728\" data-product_sku=\"\" data-price=\"1.25\" rel=\"nofollow\" class=\"wp-block-button__link  add_to_cart_button ajax_add_to_cart\">A\u00f1adir al carrito<\/a><\/div>\n\t\t\t<\/li><\/ul><\/div><\/div>\n<\/div>\n","protected":false},"excerpt":{"rendered":"","protected":false},"author":1,"featured_media":0,"parent":0,"menu_order":0,"comment_status":"closed","ping_status":"closed","template":"","meta":{"footnotes":""},"class_list":["post-24","page","type-page","status-publish","hentry"],"_links":{"self":[{"href":"https:\/\/vitalcan.es\/tienda\/wp-json\/wp\/v2\/pages\/24","targetHints":{"allow":["GET"]}}],"collection":[{"href":"https:\/\/vitalcan.es\/tienda\/wp-json\/wp\/v2\/pages"}],"about":[{"href":"https:\/\/vitalcan.es\/tienda\/wp-json\/wp\/v2\/types\/page"}],"author":[{"embeddable":true,"href":"https:\/\/vitalcan.es\/tienda\/wp-json\/wp\/v2\/users\/1"}],"replies":[{"embeddable":true,"href":"https:\/\/vitalcan.es\/tienda\/wp-json\/wp\/v2\/comments?post=24"}],"version-history":[{"count":2,"href":"https:\/\/vitalcan.es\/tienda\/wp-json\/wp\/v2\/pages\/24\/revisions"}],"predecessor-version":[{"id":20794,"href":"https:\/\/vitalcan.es\/tienda\/wp-json\/wp\/v2\/pages\/24\/revisions\/20794"}],"wp:attachment":[{"href":"https:\/\/vitalcan.es\/tienda\/wp-json\/wp\/v2\/media?parent=24"}],"curies":[{"name":"wp","href":"https:\/\/api.w.org\/{rel}","templated":true}]}}