{"id":45,"date":"2021-08-26T12:21:44","date_gmt":"2021-08-26T12:21:44","guid":{"rendered":"http:\/\/dummy.xtemos.com\/woodmart2\/elementor\/?page_id=45"},"modified":"2024-04-18T09:31:35","modified_gmt":"2024-04-18T07:31:35","slug":"comparar","status":"publish","type":"page","link":"https:\/\/vitalcan.es\/tienda\/comparar\/","title":{"rendered":"Comparar"},"content":{"rendered":"\t\t<p class=\"wd-empty-compare wd-empty-page\">\n\t\t\tLista de comparaci\u00f3n est\u00e1 vac\u00eda.\t\t<\/p>\n\t\t\t\t\t<div class=\"wd-empty-page-text\">\n\t\t\t\tNo products added in the compare list. You must add some products to compare them.<br> You will find a lot of interesting products on our \"Shop\" page.\t\t\t<\/div>\n\t\t\t\t<p class=\"return-to-shop\">\n\t\t\t<a class=\"button\" href=\"https:\/\/vitalcan.es\/tienda\/tienda\/\">\n\t\t\t\tVolver a la tienda\t\t\t<\/a>\n\t\t<\/p>\n\t\t\n","protected":false},"excerpt":{"rendered":"","protected":false},"author":3,"featured_media":0,"parent":0,"menu_order":0,"comment_status":"closed","ping_status":"closed","template":"","meta":{"footnotes":""},"class_list":["post-45","page","type-page","status-publish","hentry"],"_links":{"self":[{"href":"https:\/\/vitalcan.es\/tienda\/wp-json\/wp\/v2\/pages\/45","targetHints":{"allow":["GET"]}}],"collection":[{"href":"https:\/\/vitalcan.es\/tienda\/wp-json\/wp\/v2\/pages"}],"about":[{"href":"https:\/\/vitalcan.es\/tienda\/wp-json\/wp\/v2\/types\/page"}],"author":[{"embeddable":true,"href":"https:\/\/vitalcan.es\/tienda\/wp-json\/wp\/v2\/users\/3"}],"replies":[{"embeddable":true,"href":"https:\/\/vitalcan.es\/tienda\/wp-json\/wp\/v2\/comments?post=45"}],"version-history":[{"count":2,"href":"https:\/\/vitalcan.es\/tienda\/wp-json\/wp\/v2\/pages\/45\/revisions"}],"predecessor-version":[{"id":18736,"href":"https:\/\/vitalcan.es\/tienda\/wp-json\/wp\/v2\/pages\/45\/revisions\/18736"}],"wp:attachment":[{"href":"https:\/\/vitalcan.es\/tienda\/wp-json\/wp\/v2\/media?parent=45"}],"curies":[{"name":"wp","href":"https:\/\/api.w.org\/{rel}","templated":true}]}}