{"id":19653,"date":"2026-02-18T20:08:14","date_gmt":"2026-02-18T19:08:14","guid":{"rendered":"https:\/\/vitalcan.es\/tienda\/?post_type=product&#038;p=19653"},"modified":"2026-03-17T13:48:16","modified_gmt":"2026-03-17T12:48:16","slug":"feliway-classic-difusor-1-recambio-de-48-ml","status":"publish","type":"product","link":"https:\/\/vitalcan.es\/tienda\/higiene-y-salud\/comportamiento\/feliway-classic-difusor-1-recambio-de-48-ml\/","title":{"rendered":"Feliway Classic Difusor + 1 Recambio de 48 ml"},"content":{"rendered":"<div class=\"product-page-details__content is-short \">Feliway es una copia sint\u00e9tica de la feromona facial felina que crea un estado de seguridad en el entorno que rodea al gato, tranquilizando al animal durante situaciones que puedan resultar estresantes.<\/div>\n<div class=\"product-page-details__content is-long\">\n<h2>Tranquilizante natural para gato<\/h2>\n<p>Feliway Classic es la soluci\u00f3n ideal para mejorar el bienestar de los gatos y reducir su estr\u00e9s, previniendo situaciones como marcaje con orina, esconderse, ara\u00f1azos verticales, p\u00e9rdida de apetito o acicalamiento excesivo. Estos comportamientos pueden ser producidos por cambios en su entorno como: adaptaci\u00f3n a nueva familia, mudanzas, introducci\u00f3n de una nueva mascota, la llegada de un beb\u00e9, cambios en las rutinas, visitas&#8230;<\/p>\n<p>El\u00a0<strong>tranquilizante natural para gato<\/strong>\u00a0Feliway Classic facilita la adaptaci\u00f3n de tu gato a la vida moderna y evita los signos de estr\u00e9s creando un hogar feliz de tranquilidad y bienestar constante. Cl\u00ednicamente probado, recomendado y usado por los veterinarios. No es un medicamento, no tiene efectos secundarios ni contraindicaciones.<\/p>\n<p>Se trata de\u00a0una\u00a0<strong>copia sint\u00e9tica de la feromona facial felina<\/strong>, que es la que los gatos utilizan para marcar su territorio como una zona segura. Al imitar la feromona facial felina, crea un estado de seguridad en el entorno que rodea al gato, haciendo que le resulte familiar. Por este motivo, puede utilizarse para ayudar a que el gato se sienta seguro y que el entorno le resulte confortable, durante situaciones que pueden ser para \u00e9l una fuente de estr\u00e9s.<\/p>\n<p>La\u00a0<strong>soluci\u00f3n natural y eficaz para reducir el estr\u00e9s<\/strong>\u00a0y prevenir estos comportamientos: marcaje con orina, miedos, esconderse, ara\u00f1azos verticales, falta de apetito o acicalamiento excesivo.<br \/>\nMejora el bienestar y el comportamiento de tu gato cuando hay cambios en casa: introducci\u00f3n de una nueva mascota, la llegada de un beb\u00e9, mudanzas, cambios en las rutinas, visitas&#8230;<br \/>\nDifusor el\u00e9ctrico con recambio incluido: duraci\u00f3n hasta 30 d\u00edas para una superficie de 50-70m2. Adem\u00e1s, no tiene efectos secundarios ni contraindicaciones. No es un sedante ni un tranquilizante, no es un medicamento.<\/p>\n<p><strong>Caracter\u00edsticas:<\/strong><\/p>\n<ul>\n<li>Ayuda a prevenir o disminuir el estr\u00e9s que le puede producir al gato un cambio en su entorno.<\/li>\n<\/ul>\n<p>Se aconseja usar el difusor Feliway\u00a0para los siguientes casos:<\/p>\n<ul>\n<li>Cambios en su entorno: cambios de domicilio, una nueva mascota, la llegada de un beb\u00e9, un nuevo gato, nuevos muebles o cambios simplemente de lugar.<\/li>\n<li>\u00a0Para el transporte.<\/li>\n<li>Durante la estancia en una residencia.<\/li>\n<li>Hospitalizaci\u00f3n.<\/li>\n<li>Cuando est\u00e1 expuesto a ruidos molestos.<\/li>\n<\/ul>\n<p><strong>Uso del difusor el\u00e9ctrico:<\/strong><\/p>\n<ul>\n<li>Importante: aseg\u00farese de no pulverizar cortinas o muebles, ya que se podr\u00edan producir manchas y las feromonas que desprende no se distribuyen correctamente en el ambiente.<\/li>\n<li>Marcaje con ara\u00f1azos y con orina:<\/li>\n<li>Ponga el difusor Feliway en la sala donde su gato haga el marcaje. Si hay otra sala afectada puede colocar otro difusor en ella.<\/li>\n<li>En \u00e1reas espec\u00edficas de marcaje excesivo de felinos se puede aplicar el spray de forma directa junto al difusor el\u00e9ctrico. Antes de la aplicaci\u00f3n hay que limpiar y secar bien el \u00e1rea. Se debe hacer diariamente sobre el \u00e1rea marcada y el entorno cercano y sobresaliente. Si su gato convive en la casa con otros gatos:<\/li>\n<li>Utilice el producto como se ha indicado, pero ampl\u00ede el periodo de tiempo a 45 d\u00edas y aumente la frecuencia de la aplicaci\u00f3n a dos veces al d\u00eda. Considere combinar el uso del Spray con el uso de Feliway difusor para reducir el nivel general de estr\u00e9s para todos los gatos.<\/li>\n<li>El difusor y el recambio est\u00e1n especialmente dise\u00f1ados para Feliway Difusor. No se garantiza la eficacia del producto si se utiliza un aparato difusor diferente del proporcionado. De igual manera, el difusor no debe utilizarse con otros productos.<\/li>\n<li>Nunca castigue a su gato por el marcaje realizado con orina o con ara\u00f1azos, ya que solo conseguir\u00eda aumentar el nivel de estr\u00e9s y no reducir\u00eda el problema, sino que lo empeorar\u00eda.<\/li>\n<\/ul>\n<p>Advertencia: Consulte siempre con su veterinario Vitalcan si su gato muestra signos de estr\u00e9s. El comportamiento de su gato puede deberse a un problema cl\u00ednico que requiera completar el tratamiento.<\/p>\n<\/div>\n","protected":false},"excerpt":{"rendered":"<div class=\"product-page-details__content is-short \">Feliway Classic Difusor + Recambio 48 ml es una copia sint\u00e9tica de la feromona facial felina que crea un estado de seguridad en el entorno que rodea al gato, tranquilizando al animal durante situaciones que puedan resultar estresantes.<\/div>\n<div class=\"product-page-details__content is-long\"><\/div>\n","protected":false},"featured_media":20348,"template":"","meta":[],"product_brand":[],"product_cat":[91],"product_tag":[],"class_list":{"0":"post-19653","1":"product","2":"type-product","3":"status-publish","4":"has-post-thumbnail","6":"product_cat-comportamiento","8":"first","9":"instock","10":"sale","11":"taxable","12":"shipping-taxable","13":"purchasable","14":"product-type-simple"},"_links":{"self":[{"href":"https:\/\/vitalcan.es\/tienda\/wp-json\/wp\/v2\/product\/19653","targetHints":{"allow":["GET"]}}],"collection":[{"href":"https:\/\/vitalcan.es\/tienda\/wp-json\/wp\/v2\/product"}],"about":[{"href":"https:\/\/vitalcan.es\/tienda\/wp-json\/wp\/v2\/types\/product"}],"wp:featuredmedia":[{"embeddable":true,"href":"https:\/\/vitalcan.es\/tienda\/wp-json\/wp\/v2\/media\/20348"}],"wp:attachment":[{"href":"https:\/\/vitalcan.es\/tienda\/wp-json\/wp\/v2\/media?parent=19653"}],"wp:term":[{"taxonomy":"product_brand","embeddable":true,"href":"https:\/\/vitalcan.es\/tienda\/wp-json\/wp\/v2\/product_brand?post=19653"},{"taxonomy":"product_cat","embeddable":true,"href":"https:\/\/vitalcan.es\/tienda\/wp-json\/wp\/v2\/product_cat?post=19653"},{"taxonomy":"product_tag","embeddable":true,"href":"https:\/\/vitalcan.es\/tienda\/wp-json\/wp\/v2\/product_tag?post=19653"}],"curies":[{"name":"wp","href":"https:\/\/api.w.org\/{rel}","templated":true}]}}