{"id":20517,"date":"2026-03-17T16:15:18","date_gmt":"2026-03-17T15:15:18","guid":{"rendered":"https:\/\/vitalcan.es\/tienda\/?post_type=product&#038;p=20517"},"modified":"2026-03-17T17:42:10","modified_gmt":"2026-03-17T16:42:10","slug":"feliway-help-difusor-gatos-7-dias-estres","status":"publish","type":"product","link":"https:\/\/vitalcan.es\/tienda\/higiene-y-salud\/comportamiento\/feliway-help-difusor-gatos-7-dias-estres\/","title":{"rendered":"Feliway Help Difusor para Gatos 7 D\u00edas | Soluci\u00f3n R\u00e1pida y Eficaz Antiestr\u00e9s"},"content":{"rendered":"<div class=\"product-page-details__content is-short \">\n<h3 data-section-id=\"vo4mrn\" data-start=\"907\" data-end=\"949\"><span class=\"BZ_Pyq_fadeIn\">\ud83d\udc31 \u00bf<\/span><span class=\"BZ_Pyq_fadeIn\">Tu <\/span><span class=\"BZ_Pyq_fadeIn\">gato <\/span><span class=\"BZ_Pyq_fadeIn\">est\u00e1 <\/span><span class=\"BZ_Pyq_fadeIn\">estresado <\/span><span class=\"BZ_Pyq_fadeIn\">o <\/span><span class=\"BZ_Pyq_fadeIn\">nervioso?<\/span><\/h3>\n<p data-start=\"950\" data-end=\"1170\"><span class=\"BZ_Pyq_fadeIn\">Cambios <\/span><span class=\"BZ_Pyq_fadeIn\">en <\/span><span class=\"BZ_Pyq_fadeIn\">el <\/span><span class=\"BZ_Pyq_fadeIn\">entorno, <\/span><span class=\"BZ_Pyq_fadeIn\">viajes, <\/span><span class=\"BZ_Pyq_fadeIn\">visitas <\/span><span class=\"BZ_Pyq_fadeIn\">o <\/span><span class=\"BZ_Pyq_fadeIn\">nuevas <\/span><span class=\"BZ_Pyq_fadeIn\">incorporaciones <\/span><span class=\"BZ_Pyq_fadeIn\">en <\/span><span class=\"BZ_Pyq_fadeIn\">casa <\/span><span class=\"BZ_Pyq_fadeIn\">pueden <\/span><span class=\"BZ_Pyq_fadeIn\">generar <\/span><span class=\"BZ_Pyq_fadeIn\">ansiedad <\/span><span class=\"BZ_Pyq_fadeIn\">en <\/span><span class=\"BZ_Pyq_fadeIn\">tu <\/span><span class=\"BZ_Pyq_fadeIn\">gato. <\/span><strong data-start=\"1058\" data-end=\"1082\"><span class=\"BZ_Pyq_fadeIn\">Feliway <\/span><span class=\"BZ_Pyq_fadeIn\">Help <\/span><span class=\"BZ_Pyq_fadeIn\">Difusor<\/span><\/strong> <span class=\"BZ_Pyq_fadeIn\">es <\/span><span class=\"BZ_Pyq_fadeIn\">una <\/span><span class=\"BZ_Pyq_fadeIn\">soluci\u00f3n <\/span><span class=\"BZ_Pyq_fadeIn\">r\u00e1pida <\/span><span class=\"BZ_Pyq_fadeIn\">y <\/span><span class=\"BZ_Pyq_fadeIn\">eficaz <\/span><span class=\"BZ_Pyq_fadeIn\">dise\u00f1ada <\/span><span class=\"BZ_Pyq_fadeIn\">espec\u00edficamente <\/span><span class=\"BZ_Pyq_fadeIn\">para <\/span><span class=\"BZ_Pyq_fadeIn\">estos <\/span><span class=\"BZ_Pyq_fadeIn\">momentos <\/span><span class=\"BZ_Pyq_fadeIn\">puntuales.<\/span><\/p>\n<hr data-start=\"1172\" data-end=\"1175\" \/>\n<h3 data-section-id=\"h4tyw7\" data-start=\"1177\" data-end=\"1214\"><span class=\"BZ_Pyq_fadeIn\">\u26a1 <\/span><span class=\"BZ_Pyq_fadeIn\">Acci\u00f3n <\/span><span class=\"BZ_Pyq_fadeIn\">r\u00e1pida <\/span><span class=\"BZ_Pyq_fadeIn\">en <\/span><span class=\"BZ_Pyq_fadeIn\">momentos <\/span><span class=\"BZ_Pyq_fadeIn\">clave<\/span><\/h3>\n<p data-start=\"1215\" data-end=\"1365\"><span class=\"BZ_Pyq_fadeIn\">A <\/span><span class=\"BZ_Pyq_fadeIn\">diferencia <\/span><span class=\"BZ_Pyq_fadeIn\">de <\/span><span class=\"BZ_Pyq_fadeIn\">otros <\/span><span class=\"BZ_Pyq_fadeIn\">difusores, <\/span><span class=\"BZ_Pyq_fadeIn\">Feliway <\/span><span class=\"BZ_Pyq_fadeIn\">Help <\/span><span class=\"BZ_Pyq_fadeIn\">est\u00e1 <\/span><span class=\"BZ_Pyq_fadeIn\">formulado <\/span><span class=\"BZ_Pyq_fadeIn\">para <\/span><span class=\"BZ_Pyq_fadeIn\">actuar <\/span><span class=\"BZ_Pyq_fadeIn\">en <\/span><span class=\"BZ_Pyq_fadeIn\">un <\/span><span class=\"BZ_Pyq_fadeIn\">periodo <\/span><span class=\"BZ_Pyq_fadeIn\">corto (<\/span><span class=\"BZ_Pyq_fadeIn\">hasta <\/span><span class=\"BZ_Pyq_fadeIn\">7 <\/span><span class=\"BZ_Pyq_fadeIn\">d\u00edas), <\/span><span class=\"BZ_Pyq_fadeIn\">ayudando <\/span><span class=\"BZ_Pyq_fadeIn\">a <\/span><span class=\"BZ_Pyq_fadeIn\">reducir <\/span><span class=\"BZ_Pyq_fadeIn\">signos <\/span><span class=\"BZ_Pyq_fadeIn\">de <\/span><span class=\"BZ_Pyq_fadeIn\">estr\u00e9s <\/span><span class=\"BZ_Pyq_fadeIn\">como:<\/span><\/p>\n<ul data-start=\"1366\" data-end=\"1469\">\n<li data-section-id=\"1ijcqlx\" data-start=\"1366\" data-end=\"1395\">\n<p data-start=\"1368\" data-end=\"1395\"><span class=\"BZ_Pyq_fadeIn\">Esconderse <\/span><span class=\"BZ_Pyq_fadeIn\">constantemente<\/span><\/p>\n<\/li>\n<li data-section-id=\"z29yf6\" data-start=\"1396\" data-end=\"1417\">\n<p data-start=\"1398\" data-end=\"1417\"><span class=\"BZ_Pyq_fadeIn\">Marcaje <\/span><span class=\"BZ_Pyq_fadeIn\">con <\/span><span class=\"BZ_Pyq_fadeIn\">orina<\/span><\/p>\n<\/li>\n<li data-section-id=\"1puyae1\" data-start=\"1418\" data-end=\"1441\">\n<p data-start=\"1420\" data-end=\"1441\"><span class=\"BZ_Pyq_fadeIn\">Rasgu\u00f1os <\/span><span class=\"BZ_Pyq_fadeIn\">en <\/span><span class=\"BZ_Pyq_fadeIn\">muebles<\/span><\/p>\n<\/li>\n<li data-section-id=\"1kmcpfz\" data-start=\"1442\" data-end=\"1469\">\n<p data-start=\"1444\" data-end=\"1469\"><span class=\"BZ_Pyq_fadeIn\">Nerviosismo <\/span><span class=\"BZ_Pyq_fadeIn\">o <\/span><span class=\"BZ_Pyq_fadeIn\">inquietud<\/span><\/p>\n<\/li>\n<\/ul>\n<hr data-start=\"1471\" data-end=\"1474\" \/>\n<h3 data-section-id=\"zsgnbh\" data-start=\"1476\" data-end=\"1522\"><span class=\"BZ_Pyq_fadeIn\">\ud83e\uddea <\/span><span class=\"BZ_Pyq_fadeIn\">Feromonas <\/span><span class=\"BZ_Pyq_fadeIn\">sint\u00e9ticas: <\/span><span class=\"BZ_Pyq_fadeIn\">bienestar <\/span><span class=\"BZ_Pyq_fadeIn\">natural<\/span><\/h3>\n<p data-start=\"1523\" data-end=\"1656\"><span class=\"BZ_Pyq_fadeIn\">Contiene <\/span><span class=\"BZ_Pyq_fadeIn\">an\u00e1logos <\/span><span class=\"BZ_Pyq_fadeIn\">de <\/span><span class=\"BZ_Pyq_fadeIn\">feromonas <\/span><span class=\"BZ_Pyq_fadeIn\">faciales <\/span><span class=\"BZ_Pyq_fadeIn\">felinas <\/span><span class=\"BZ_Pyq_fadeIn\">que <\/span><span class=\"BZ_Pyq_fadeIn\">env\u00edan <\/span><span class=\"BZ_Pyq_fadeIn\">se\u00f1ales <\/span><span class=\"BZ_Pyq_fadeIn\">de <\/span><span class=\"BZ_Pyq_fadeIn\">calma <\/span><span class=\"BZ_Pyq_fadeIn\">y <\/span><span class=\"BZ_Pyq_fadeIn\">seguridad <\/span><span class=\"BZ_Pyq_fadeIn\">al <\/span><span class=\"BZ_Pyq_fadeIn\">gato, <\/span><span class=\"BZ_Pyq_fadeIn\">sin <\/span><span class=\"BZ_Pyq_fadeIn\">sedaci\u00f3n <\/span><span class=\"BZ_Pyq_fadeIn\">ni <\/span><span class=\"BZ_Pyq_fadeIn\">efectos <\/span><span class=\"BZ_Pyq_fadeIn\">secundarios.<\/span><\/p>\n<p data-start=\"1658\" data-end=\"1741\"><span class=\"BZ_Pyq_fadeIn\">\u2714 <\/span><span class=\"BZ_Pyq_fadeIn\">No <\/span><span class=\"BZ_Pyq_fadeIn\">altera <\/span><span class=\"BZ_Pyq_fadeIn\">su <\/span><span class=\"BZ_Pyq_fadeIn\">personalidad<\/span><br data-start=\"1685\" data-end=\"1688\" \/><span class=\"BZ_Pyq_fadeIn\">\u2714 <\/span><span class=\"BZ_Pyq_fadeIn\">No <\/span><span class=\"BZ_Pyq_fadeIn\">produce <\/span><span class=\"BZ_Pyq_fadeIn\">dependencia<\/span><br data-start=\"1712\" data-end=\"1715\" \/><span class=\"BZ_Pyq_fadeIn\">\u2714 <\/span><span class=\"BZ_Pyq_fadeIn\">Seguro <\/span><span class=\"BZ_Pyq_fadeIn\">para <\/span><span class=\"BZ_Pyq_fadeIn\">uso <\/span><span class=\"BZ_Pyq_fadeIn\">diario<\/span><\/p>\n<hr data-start=\"1743\" data-end=\"1746\" \/>\n<h3 data-section-id=\"fm1hre\" data-start=\"1748\" data-end=\"1787\"><span class=\"BZ_Pyq_fadeIn\">\ud83c\udfe1 <\/span><span class=\"BZ_Pyq_fadeIn\">Ideal <\/span><span class=\"BZ_Pyq_fadeIn\">para <\/span><span class=\"BZ_Pyq_fadeIn\">situaciones <\/span><span class=\"BZ_Pyq_fadeIn\">puntuales<\/span><\/h3>\n<p data-start=\"1788\" data-end=\"1818\"><span class=\"BZ_Pyq_fadeIn\">Feliway <\/span><span class=\"BZ_Pyq_fadeIn\">Help <\/span><span class=\"BZ_Pyq_fadeIn\">es <\/span><span class=\"BZ_Pyq_fadeIn\">perfecto <\/span><span class=\"BZ_Pyq_fadeIn\">para:<\/span><\/p>\n<ul data-start=\"1819\" data-end=\"1972\">\n<li data-section-id=\"1yw50fp\" data-start=\"1819\" data-end=\"1849\">\n<p data-start=\"1821\" data-end=\"1849\"><span class=\"BZ_Pyq_fadeIn\">Mudanzas <\/span><span class=\"BZ_Pyq_fadeIn\">o <\/span><span class=\"BZ_Pyq_fadeIn\">cambios <\/span><span class=\"BZ_Pyq_fadeIn\">de <\/span><span class=\"BZ_Pyq_fadeIn\">casa<\/span><\/p>\n<\/li>\n<li data-section-id=\"fefer9\" data-start=\"1850\" data-end=\"1878\">\n<p data-start=\"1852\" data-end=\"1878\"><span class=\"BZ_Pyq_fadeIn\">Viajes <\/span><span class=\"BZ_Pyq_fadeIn\">o <\/span><span class=\"BZ_Pyq_fadeIn\">estancias <\/span><span class=\"BZ_Pyq_fadeIn\">fuera<\/span><\/p>\n<\/li>\n<li data-section-id=\"i5om2z\" data-start=\"1879\" data-end=\"1906\">\n<p data-start=\"1881\" data-end=\"1906\"><span class=\"BZ_Pyq_fadeIn\">Obras <\/span><span class=\"BZ_Pyq_fadeIn\">o <\/span><span class=\"BZ_Pyq_fadeIn\">ruidos <\/span><span class=\"BZ_Pyq_fadeIn\">intensos<\/span><\/p>\n<\/li>\n<li data-section-id=\"1lule27\" data-start=\"1907\" data-end=\"1936\">\n<p data-start=\"1909\" data-end=\"1936\"><span class=\"BZ_Pyq_fadeIn\">Visitas <\/span><span class=\"BZ_Pyq_fadeIn\">o <\/span><span class=\"BZ_Pyq_fadeIn\">eventos <\/span><span class=\"BZ_Pyq_fadeIn\">en <\/span><span class=\"BZ_Pyq_fadeIn\">casa<\/span><\/p>\n<\/li>\n<li data-section-id=\"1k0s7jh\" data-start=\"1937\" data-end=\"1972\">\n<p data-start=\"1939\" data-end=\"1972\"><span class=\"BZ_Pyq_fadeIn\">Introducci\u00f3n <\/span><span class=\"BZ_Pyq_fadeIn\">de <\/span><span class=\"BZ_Pyq_fadeIn\">nuevas <\/span><span class=\"BZ_Pyq_fadeIn\">mascotas<br \/>\n<\/span><\/p>\n<\/li>\n<li data-section-id=\"1k0s7jh\" data-start=\"1937\" data-end=\"1972\">Cirug\u00edas o periodos cortos de estr\u00e9s por visitas al veterinario<\/li>\n<\/ul>\n<hr data-start=\"1974\" data-end=\"1977\" \/>\n<h3 data-section-id=\"1f83x0x\" data-start=\"1979\" data-end=\"1997\"><span class=\"BZ_Pyq_fadeIn\">\u2699\ufe0f <\/span><span class=\"BZ_Pyq_fadeIn\">Modo <\/span><span class=\"BZ_Pyq_fadeIn\">de <\/span><span class=\"BZ_Pyq_fadeIn\">uso<\/span><\/h3>\n<ol data-start=\"1998\" data-end=\"2147\">\n<li data-section-id=\"1opiyd6\" data-start=\"1998\" data-end=\"2036\">\n<p data-start=\"2001\" data-end=\"2036\"><span class=\"BZ_Pyq_fadeIn\">Introduce <\/span><span class=\"BZ_Pyq_fadeIn\">el <\/span><span class=\"BZ_Pyq_fadeIn\">recambio <\/span><span class=\"BZ_Pyq_fadeIn\">en <\/span><span class=\"BZ_Pyq_fadeIn\">el <\/span><span class=\"BZ_Pyq_fadeIn\">difusor<\/span><\/p>\n<\/li>\n<li data-section-id=\"wrxsed\" data-start=\"2037\" data-end=\"2096\">\n<p data-start=\"2040\" data-end=\"2096\"><span class=\"BZ_Pyq_fadeIn\">Con\u00e9ctalo <\/span><span class=\"BZ_Pyq_fadeIn\">en <\/span><span class=\"BZ_Pyq_fadeIn\">la <\/span><span class=\"BZ_Pyq_fadeIn\">estancia <\/span><span class=\"BZ_Pyq_fadeIn\">donde <\/span><span class=\"BZ_Pyq_fadeIn\">el <\/span><span class=\"BZ_Pyq_fadeIn\">gato <\/span><span class=\"BZ_Pyq_fadeIn\">pase <\/span><span class=\"BZ_Pyq_fadeIn\">m\u00e1s <\/span><span class=\"BZ_Pyq_fadeIn\">tiempo<\/span><\/p>\n<\/li>\n<li data-section-id=\"18lnssn\" data-start=\"2097\" data-end=\"2147\">\n<p data-start=\"2100\" data-end=\"2147\"><span class=\"BZ_Pyq_fadeIn\">D\u00e9jalo <\/span><span class=\"BZ_Pyq_fadeIn\">enchufado <\/span><span class=\"BZ_Pyq_fadeIn\">continuamente <\/span><span class=\"BZ_Pyq_fadeIn\">durante <\/span><span class=\"BZ_Pyq_fadeIn\">7 <\/span><span class=\"BZ_Pyq_fadeIn\">d\u00edas<\/span><\/p>\n<\/li>\n<\/ol>\n<p data-start=\"2149\" data-end=\"2185\"><span class=\"BZ_Pyq_fadeIn\">\ud83d\udc49 <\/span><span class=\"BZ_Pyq_fadeIn\">Un <\/span><span class=\"BZ_Pyq_fadeIn\">difusor <\/span><span class=\"BZ_Pyq_fadeIn\">cubre <\/span><span class=\"BZ_Pyq_fadeIn\">hasta <\/span><span class=\"BZ_Pyq_fadeIn\">50-<\/span><span class=\"BZ_Pyq_fadeIn\">70 <\/span><span class=\"BZ_Pyq_fadeIn\">m\u00b2<\/span><\/p>\n<hr data-start=\"2187\" data-end=\"2190\" \/>\n<h3 data-section-id=\"1y4o3s2\" data-start=\"2192\" data-end=\"2225\"><span class=\"BZ_Pyq_fadeIn\">\u2753 <\/span><span class=\"BZ_Pyq_fadeIn\">Preguntas <\/span><span class=\"BZ_Pyq_fadeIn\">frecuentes (<\/span><span class=\"BZ_Pyq_fadeIn\">FAQs)<\/span><\/h3>\n<p data-start=\"2227\" data-end=\"2329\"><strong data-start=\"2227\" data-end=\"2274\"><span class=\"BZ_Pyq_fadeIn\">\u00bf<\/span><span class=\"BZ_Pyq_fadeIn\">Cu\u00e1nto <\/span><span class=\"BZ_Pyq_fadeIn\">tarda <\/span><span class=\"BZ_Pyq_fadeIn\">en <\/span><span class=\"BZ_Pyq_fadeIn\">hacer <\/span><span class=\"BZ_Pyq_fadeIn\">efecto <\/span><span class=\"BZ_Pyq_fadeIn\">Feliway <\/span><span class=\"BZ_Pyq_fadeIn\">Help?<\/span><\/strong><br data-start=\"2274\" data-end=\"2277\" \/><span class=\"BZ_Pyq_fadeIn\">Puede <\/span><span class=\"BZ_Pyq_fadeIn\">empezar <\/span><span class=\"BZ_Pyq_fadeIn\">a <\/span><span class=\"BZ_Pyq_fadeIn\">notarse <\/span><span class=\"BZ_Pyq_fadeIn\">en <\/span><span class=\"BZ_Pyq_fadeIn\">las <\/span><span class=\"BZ_Pyq_fadeIn\">primeras <\/span><span class=\"BZ_Pyq_fadeIn\">24-<\/span><span class=\"BZ_Pyq_fadeIn\">48 <\/span><span class=\"BZ_Pyq_fadeIn\">horas.<\/span><\/p>\n<p data-start=\"2331\" data-end=\"2480\"><strong data-start=\"2331\" data-end=\"2375\"><span class=\"BZ_Pyq_fadeIn\">\u00bf<\/span><span class=\"BZ_Pyq_fadeIn\">Es <\/span><span class=\"BZ_Pyq_fadeIn\">igual <\/span><span class=\"BZ_Pyq_fadeIn\">que <\/span><span class=\"BZ_Pyq_fadeIn\">Feliway <\/span><span class=\"BZ_Pyq_fadeIn\">Classic <\/span><span class=\"BZ_Pyq_fadeIn\">o <\/span><span class=\"BZ_Pyq_fadeIn\">Optimum?<\/span><\/strong><br data-start=\"2375\" data-end=\"2378\" \/><span class=\"BZ_Pyq_fadeIn\">No. <\/span><span class=\"BZ_Pyq_fadeIn\">Feliway <\/span><span class=\"BZ_Pyq_fadeIn\">Help <\/span><span class=\"BZ_Pyq_fadeIn\">est\u00e1 <\/span><span class=\"BZ_Pyq_fadeIn\">dise\u00f1ado <\/span><span class=\"BZ_Pyq_fadeIn\">para <\/span><span class=\"BZ_Pyq_fadeIn\">situaciones <\/span><span class=\"BZ_Pyq_fadeIn\">puntuales, <\/span><span class=\"BZ_Pyq_fadeIn\">mientras <\/span><span class=\"BZ_Pyq_fadeIn\">que <\/span><span class=\"BZ_Pyq_fadeIn\">otros <\/span><span class=\"BZ_Pyq_fadeIn\">son <\/span><span class=\"BZ_Pyq_fadeIn\">para <\/span><span class=\"BZ_Pyq_fadeIn\">uso <\/span><span class=\"BZ_Pyq_fadeIn\">prolongado.<\/span><\/p>\n<p data-start=\"2482\" data-end=\"2604\"><strong data-start=\"2482\" data-end=\"2532\"><span class=\"BZ_Pyq_fadeIn\">\u00bf<\/span><span class=\"BZ_Pyq_fadeIn\">Puedo <\/span><span class=\"BZ_Pyq_fadeIn\">usarlo <\/span><span class=\"BZ_Pyq_fadeIn\">junto <\/span><span class=\"BZ_Pyq_fadeIn\">a <\/span><span class=\"BZ_Pyq_fadeIn\">otros <\/span><span class=\"BZ_Pyq_fadeIn\">productos <\/span><span class=\"BZ_Pyq_fadeIn\">Feliway?<\/span><\/strong><br data-start=\"2532\" data-end=\"2535\" \/><span class=\"BZ_Pyq_fadeIn\">S\u00ed, <\/span><span class=\"BZ_Pyq_fadeIn\">aunque <\/span><span class=\"BZ_Pyq_fadeIn\">normalmente <\/span><span class=\"BZ_Pyq_fadeIn\">no <\/span><span class=\"BZ_Pyq_fadeIn\">es <\/span><span class=\"BZ_Pyq_fadeIn\">necesario <\/span><span class=\"BZ_Pyq_fadeIn\">para <\/span><span class=\"BZ_Pyq_fadeIn\">casos <\/span><span class=\"BZ_Pyq_fadeIn\">leves <\/span><span class=\"BZ_Pyq_fadeIn\">o <\/span><span class=\"BZ_Pyq_fadeIn\">temporales.<\/span><\/p>\n<p data-start=\"2606\" data-end=\"2667\"><strong data-start=\"2606\" data-end=\"2637\"><span class=\"BZ_Pyq_fadeIn\">\u00bf<\/span><span class=\"BZ_Pyq_fadeIn\">Tiene <\/span><span class=\"BZ_Pyq_fadeIn\">efectos <\/span><span class=\"BZ_Pyq_fadeIn\">secundarios?<\/span><\/strong><br data-start=\"2637\" data-end=\"2640\" \/><span class=\"BZ_Pyq_fadeIn\">No, <\/span><span class=\"BZ_Pyq_fadeIn\">es <\/span><span class=\"BZ_Pyq_fadeIn\">seguro <\/span><span class=\"BZ_Pyq_fadeIn\">y <\/span><span class=\"BZ_Pyq_fadeIn\">no <\/span><span class=\"BZ_Pyq_fadeIn\">sedante.<\/span><\/p>\n<hr data-start=\"2669\" data-end=\"2672\" \/>\n<h3 data-section-id=\"c8dfoq\" data-start=\"2674\" data-end=\"2709\"><span class=\"BZ_Pyq_fadeIn\">\ud83d\udc3e <\/span><span class=\"BZ_Pyq_fadeIn\">Recomendado <\/span><span class=\"BZ_Pyq_fadeIn\">por <\/span><span class=\"BZ_Pyq_fadeIn\">veterinarios<\/span><\/h3>\n<p data-start=\"2710\" data-end=\"2829\"><span class=\"BZ_Pyq_fadeIn\">Feliway <\/span><span class=\"BZ_Pyq_fadeIn\">es <\/span><span class=\"BZ_Pyq_fadeIn\">una <\/span><span class=\"BZ_Pyq_fadeIn\">de <\/span><span class=\"BZ_Pyq_fadeIn\">las <\/span><span class=\"BZ_Pyq_fadeIn\">soluciones <\/span><span class=\"BZ_Pyq_fadeIn\">m\u00e1s <\/span><span class=\"BZ_Pyq_fadeIn\">utilizadas <\/span><span class=\"BZ_Pyq_fadeIn\">en <\/span><span class=\"BZ_Pyq_fadeIn\">cl\u00ednica <\/span><span class=\"BZ_Pyq_fadeIn\">veterinaria <\/span><span class=\"BZ_Pyq_fadeIn\">para <\/span><span class=\"BZ_Pyq_fadeIn\">el <\/span><span class=\"BZ_Pyq_fadeIn\">manejo <\/span><span class=\"BZ_Pyq_fadeIn\">del <\/span><span class=\"BZ_Pyq_fadeIn\">estr\u00e9s <\/span><span class=\"BZ_Pyq_fadeIn\">felino <\/span><span class=\"BZ_Pyq_fadeIn\">sin <\/span><span class=\"BZ_Pyq_fadeIn\">medicaci\u00f3n.<\/span><\/p>\n<\/div>\n","protected":false},"excerpt":{"rendered":"<div class=\"product-page-details__content is-short \">\n<p data-start=\"600\" data-end=\"853\"><span class=\"BZ_Pyq_fadeIn\">Feliway <\/span><span class=\"BZ_Pyq_fadeIn\">Help 7 d\u00edas <\/span><span class=\"BZ_Pyq_fadeIn\">es <\/span><span class=\"BZ_Pyq_fadeIn\">un <\/span><span class=\"BZ_Pyq_fadeIn\">difusor <\/span><span class=\"BZ_Pyq_fadeIn\">de <\/span><span class=\"BZ_Pyq_fadeIn\">feromonas <\/span><span class=\"BZ_Pyq_fadeIn\">para <\/span><span class=\"BZ_Pyq_fadeIn\">gatos <\/span><span class=\"BZ_Pyq_fadeIn\">dise\u00f1ado <\/span><span class=\"BZ_Pyq_fadeIn\">para <\/span><span class=\"BZ_Pyq_fadeIn\">reducir <\/span><span class=\"BZ_Pyq_fadeIn\">el <\/span><span class=\"BZ_Pyq_fadeIn\">estr\u00e9s <\/span><span class=\"BZ_Pyq_fadeIn\">de <\/span><span class=\"BZ_Pyq_fadeIn\">forma <\/span><span class=\"BZ_Pyq_fadeIn\">r\u00e1pida <\/span><span class=\"BZ_Pyq_fadeIn\">en <\/span><span class=\"BZ_Pyq_fadeIn\">situaciones <\/span><span class=\"BZ_Pyq_fadeIn\">puntuales <\/span><span class=\"BZ_Pyq_fadeIn\">como <\/span><span class=\"BZ_Pyq_fadeIn\">mudanzas, <\/span><span class=\"BZ_Pyq_fadeIn\">viajes, <\/span><span class=\"BZ_Pyq_fadeIn\">visitas <\/span><span class=\"BZ_Pyq_fadeIn\">o <\/span><span class=\"BZ_Pyq_fadeIn\">cambios <\/span><span class=\"BZ_Pyq_fadeIn\">en <\/span><span class=\"BZ_Pyq_fadeIn\">el <\/span><span class=\"BZ_Pyq_fadeIn\">hogar. <\/span><span class=\"BZ_Pyq_fadeIn\">Su <\/span><span class=\"BZ_Pyq_fadeIn\">f\u00f3rmula <\/span><span class=\"BZ_Pyq_fadeIn\">avanzada <\/span><span class=\"BZ_Pyq_fadeIn\">ayuda <\/span><span class=\"BZ_Pyq_fadeIn\">a <\/span><span class=\"BZ_Pyq_fadeIn\">tu <\/span><span class=\"BZ_Pyq_fadeIn\">gato <\/span><span class=\"BZ_Pyq_fadeIn\">a <\/span><span class=\"BZ_Pyq_fadeIn\">sentirse <\/span><span class=\"BZ_Pyq_fadeIn\">m\u00e1s <\/span><span class=\"BZ_Pyq_fadeIn\">tranquilo <\/span><span class=\"BZ_Pyq_fadeIn\">y <\/span><span class=\"BZ_Pyq_fadeIn\">seguro <\/span><span class=\"BZ_Pyq_fadeIn\">en <\/span><span class=\"BZ_Pyq_fadeIn\">tan <\/span><span class=\"BZ_Pyq_fadeIn\">solo <\/span><span class=\"BZ_Pyq_fadeIn\">unos <\/span><span class=\"BZ_Pyq_fadeIn\">d\u00edas, <\/span><span class=\"BZ_Pyq_fadeIn\">sin <\/span><span class=\"BZ_Pyq_fadeIn\">sedaci\u00f3n <\/span><span class=\"BZ_Pyq_fadeIn\">ni <\/span><span class=\"BZ_Pyq_fadeIn\">efectos <\/span><span class=\"BZ_Pyq_fadeIn\">secundarios. <\/span><span class=\"BZ_Pyq_fadeIn\">Ideal <\/span><span class=\"BZ_Pyq_fadeIn\">como <\/span><span class=\"BZ_Pyq_fadeIn\">soluci\u00f3n <\/span><span class=\"BZ_Pyq_fadeIn\">pr\u00e1ctica <\/span><span class=\"BZ_Pyq_fadeIn\">y <\/span><span class=\"BZ_Pyq_fadeIn\">eficaz <\/span><span class=\"BZ_Pyq_fadeIn\">cuando <\/span><span class=\"BZ_Pyq_fadeIn\">necesitas <\/span><span class=\"BZ_Pyq_fadeIn\">resultados <\/span><span class=\"BZ_Pyq_fadeIn\">inmediatos.<\/span><\/p>\n<div class=\"flex flex-col text-sm pb-25\">\n<article class=\"text-token-text-primary w-full focus:outline-none [--shadow-height:45px] has-data-writing-block:pointer-events-none has-data-writing-block:-mt-(--shadow-height) has-data-writing-block:pt-(--shadow-height) [&amp;:has([data-writing-block])&gt;*]:pointer-events-auto scroll-mt-[calc(var(--header-height)+min(200px,max(70px,20svh)))]\" dir=\"auto\" tabindex=\"-1\" data-turn-id=\"request-WEB:461156ff-3147-42c1-89f0-6b5a95ce5ff2-4\" data-testid=\"conversation-turn-10\" data-scroll-anchor=\"true\" data-turn=\"assistant\">\n<div class=\"text-base my-auto mx-auto pb-10 [--thread-content-margin:var(--thread-content-margin-xs,calc(var(--spacing)*4))] @w-sm\/main:[--thread-content-margin:var(--thread-content-margin-sm,calc(var(--spacing)*6))] @w-lg\/main:[--thread-content-margin:var(--thread-content-margin-lg,calc(var(--spacing)*16))] px-(--thread-content-margin)\">\n<div class=\"[--thread-content-max-width:40rem] @w-lg\/main:[--thread-content-max-width:48rem] mx-auto max-w-(--thread-content-max-width) flex-1 group\/turn-messages focus-visible:outline-hidden relative flex w-full min-w-0 flex-col agent-turn\" tabindex=\"-1\">\n<div class=\"z-0 flex min-h-[46px] justify-start\"><\/div>\n<div class=\"mt-3 w-full empty:hidden\">\n<div class=\"text-center\"><\/div>\n<\/div>\n<\/div>\n<\/div>\n<\/article>\n<\/div>\n<div class=\"pointer-events-none h-px w-px absolute bottom-0\" aria-hidden=\"true\" data-edge=\"true\"><\/div>\n<\/div>\n","protected":false},"featured_media":20518,"template":"","meta":[],"product_brand":[101],"product_cat":[91],"product_tag":[],"class_list":{"0":"post-20517","1":"product","2":"type-product","3":"status-publish","4":"has-post-thumbnail","6":"product_brand-ceva","7":"product_cat-comportamiento","9":"first","10":"instock","11":"sale","12":"taxable","13":"shipping-taxable","14":"purchasable","15":"product-type-simple"},"_links":{"self":[{"href":"https:\/\/vitalcan.es\/tienda\/wp-json\/wp\/v2\/product\/20517","targetHints":{"allow":["GET"]}}],"collection":[{"href":"https:\/\/vitalcan.es\/tienda\/wp-json\/wp\/v2\/product"}],"about":[{"href":"https:\/\/vitalcan.es\/tienda\/wp-json\/wp\/v2\/types\/product"}],"wp:featuredmedia":[{"embeddable":true,"href":"https:\/\/vitalcan.es\/tienda\/wp-json\/wp\/v2\/media\/20518"}],"wp:attachment":[{"href":"https:\/\/vitalcan.es\/tienda\/wp-json\/wp\/v2\/media?parent=20517"}],"wp:term":[{"taxonomy":"product_brand","embeddable":true,"href":"https:\/\/vitalcan.es\/tienda\/wp-json\/wp\/v2\/product_brand?post=20517"},{"taxonomy":"product_cat","embeddable":true,"href":"https:\/\/vitalcan.es\/tienda\/wp-json\/wp\/v2\/product_cat?post=20517"},{"taxonomy":"product_tag","embeddable":true,"href":"https:\/\/vitalcan.es\/tienda\/wp-json\/wp\/v2\/product_tag?post=20517"}],"curies":[{"name":"wp","href":"https:\/\/api.w.org\/{rel}","templated":true}]}}