{"id":20678,"date":"2026-03-25T11:14:26","date_gmt":"2026-03-25T10:14:26","guid":{"rendered":"https:\/\/vitalcan.es\/tienda\/?post_type=product&#038;p=20678"},"modified":"2026-03-25T11:36:43","modified_gmt":"2026-03-25T10:36:43","slug":"feliway-optimum-difusor-recambio-48ml-gatos","status":"publish","type":"product","link":"https:\/\/vitalcan.es\/tienda\/higiene-y-salud\/comportamiento\/feliway-optimum-difusor-recambio-48ml-gatos\/","title":{"rendered":"Feliway Optimum Difusor + Recambio 48 ml | Soluci\u00f3n Avanzada Antiestr\u00e9s para Gatos"},"content":{"rendered":"<h3 data-section-id=\"1k47azq\" data-start=\"1145\" data-end=\"1200\">\ud83d\udc31 La soluci\u00f3n m\u00e1s completa contra el estr\u00e9s felino<\/h3>\n<p data-start=\"1201\" data-end=\"1352\">Si tu gato presenta varios signos de estr\u00e9s o no ha respondido completamente a otras soluciones, <strong data-start=\"1298\" data-end=\"1325\">Feliway Optimum Difusor<\/strong> es la opci\u00f3n m\u00e1s avanzada.<\/p>\n<hr data-start=\"1354\" data-end=\"1357\" \/>\n<h3 data-section-id=\"1vhpztl\" data-start=\"1359\" data-end=\"1398\">\ud83e\udde0 Tecnolog\u00eda de feromonas mejorada<\/h3>\n<p data-start=\"1399\" data-end=\"1521\">Feliway Optimum incorpora una <strong data-start=\"1429\" data-end=\"1462\">nueva generaci\u00f3n de feromonas<\/strong> que act\u00faa de forma m\u00e1s amplia sobre el bienestar del gato.<\/p>\n<p data-start=\"1523\" data-end=\"1645\">\u2714 Mayor eficacia en m\u00faltiples situaciones<br data-start=\"1564\" data-end=\"1567\" \/>\u2714 Act\u00faa sobre diferentes tipos de estr\u00e9s<br data-start=\"1607\" data-end=\"1610\" \/>\u2714 Mejora la adaptaci\u00f3n al entorno<\/p>\n<hr data-start=\"1647\" data-end=\"1650\" \/>\n<h3 data-section-id=\"1homn61\" data-start=\"1652\" data-end=\"1697\">\ud83c\udfe1 Controla el estr\u00e9s en todas sus formas<\/h3>\n<p data-start=\"1698\" data-end=\"1733\">Especialmente eficaz en casos como:<\/p>\n<ul data-start=\"1735\" data-end=\"1855\">\n<li data-section-id=\"z29yf6\" data-start=\"1735\" data-end=\"1756\">Marcaje con orina<\/li>\n<li data-section-id=\"19gi9ky\" data-start=\"1757\" data-end=\"1780\">Ara\u00f1azos en muebles<\/li>\n<li data-section-id=\"dejfok\" data-start=\"1781\" data-end=\"1807\">Conflictos entre gatos<\/li>\n<li data-section-id=\"w7yphd\" data-start=\"1808\" data-end=\"1831\">Cambios en el hogar<\/li>\n<li data-section-id=\"1bkmq1b\" data-start=\"1832\" data-end=\"1855\">Nerviosismo o miedo<\/li>\n<\/ul>\n<hr data-start=\"1857\" data-end=\"1860\" \/>\n<h3 data-section-id=\"w2sh5y\" data-start=\"1862\" data-end=\"1894\">\u26a1 Bienestar continuo en casa<\/h3>\n<p data-start=\"1895\" data-end=\"1981\">El difusor libera feromonas de forma constante, creando un ambiente relajado y seguro.<\/p>\n<p data-start=\"1983\" data-end=\"2057\">\u2714 No seda<br data-start=\"1992\" data-end=\"1995\" \/>\u2714 No altera su comportamiento<br data-start=\"2024\" data-end=\"2027\" \/>\u2714 Seguro para uso prolongado<\/p>\n<hr data-start=\"2059\" data-end=\"2062\" \/>\n<h3 data-section-id=\"1q5jjzq\" data-start=\"2064\" data-end=\"2095\">\u23f3 Hasta 30 d\u00edas de duraci\u00f3n<\/h3>\n<p data-start=\"2096\" data-end=\"2177\">El recambio de 48 ml proporciona efecto continuo durante aproximadamente 30 d\u00edas.<\/p>\n<p data-start=\"2179\" data-end=\"2203\">\ud83d\udc49 Cobertura: 50-70 m\u00b2<\/p>\n<hr data-start=\"2205\" data-end=\"2208\" \/>\n<h3 data-section-id=\"1f83x0x\" data-start=\"2210\" data-end=\"2228\">\u2699\ufe0f Modo de uso<\/h3>\n<ol data-start=\"2229\" data-end=\"2362\">\n<li data-section-id=\"1opiyd6\" data-start=\"2229\" data-end=\"2267\">Enrosca el recambio en el difusor<\/li>\n<li data-section-id=\"c3bpdh\" data-start=\"2268\" data-end=\"2307\">Con\u00e9ctalo en la estancia principal<\/li>\n<li data-section-id=\"1piqwad\" data-start=\"2308\" data-end=\"2362\">Mant\u00e9n el dispositivo enchufado de forma continua<\/li>\n<\/ol>\n<p data-start=\"2364\" data-end=\"2391\">\ud83d\udc49 Sustituir cada 30 d\u00edas<\/p>\n<hr data-start=\"2393\" data-end=\"2396\" \/>\n<h3 data-section-id=\"1r7ndfs\" data-start=\"2398\" data-end=\"2441\">\u2753 Preguntas frecuentes<\/h3>\n<p data-start=\"2443\" data-end=\"2631\"><strong data-start=\"2443\" data-end=\"2499\">\u00bfQu\u00e9 diferencia hay entre Feliway Optimum y Classic?<\/strong><br data-start=\"2499\" data-end=\"2502\" \/>Feliway Optimum es m\u00e1s avanzado y act\u00faa sobre m\u00faltiples tipos de estr\u00e9s, mientras que Classic est\u00e1 enfocado en casos m\u00e1s b\u00e1sicos.<\/p>\n<hr data-start=\"2633\" data-end=\"2636\" \/>\n<p data-start=\"2638\" data-end=\"2807\"><strong data-start=\"2638\" data-end=\"2674\">\u00bfPara qu\u00e9 sirve Feliway Optimum?<\/strong><br data-start=\"2674\" data-end=\"2677\" \/>Sirve para reducir el estr\u00e9s en gatos en situaciones complejas como cambios en el hogar, conflictos o comportamientos repetitivos.<\/p>\n<hr data-start=\"2809\" data-end=\"2812\" \/>\n<p data-start=\"2814\" data-end=\"2948\"><strong data-start=\"2814\" data-end=\"2849\">\u00bfCu\u00e1ndo elegir Feliway Optimum?<\/strong><br data-start=\"2849\" data-end=\"2852\" \/>Cuando el gato presenta varios signos de estr\u00e9s o cuando otras opciones no han sido suficientes.<\/p>\n<hr data-start=\"2950\" data-end=\"2953\" \/>\n<p data-start=\"2955\" data-end=\"3064\"><strong data-start=\"2955\" data-end=\"2989\">\u00bfCu\u00e1nto tarda en hacer efecto?<\/strong><br data-start=\"2989\" data-end=\"2992\" \/>Puede empezar a notarse en los primeros d\u00edas, mejorando progresivamente.<\/p>\n<hr data-start=\"3066\" data-end=\"3069\" \/>\n<p data-start=\"3071\" data-end=\"3145\"><strong data-start=\"3071\" data-end=\"3108\">\u00bfSe puede usar de forma continua?<\/strong><br data-start=\"3108\" data-end=\"3111\" \/>S\u00ed, es seguro para uso prolongado.<\/p>\n<hr data-start=\"3147\" data-end=\"3150\" \/>\n<h3 data-section-id=\"c8dfoq\" data-start=\"3152\" data-end=\"3187\">\ud83d\udc3e Recomendado por veterinarios<\/h3>\n<p data-start=\"3188\" data-end=\"3327\">Feliway Optimum es la opci\u00f3n m\u00e1s completa dentro de la gama, ampliamente utilizada en cl\u00ednica veterinaria para mejorar el bienestar felino.<\/p>\n","protected":false},"excerpt":{"rendered":"<div class=\"product-page-details__content is-short \">\n<p data-start=\"795\" data-end=\"1091\">Feliway Optimum Difusor + Recambio 48 ml es la soluci\u00f3n m\u00e1s avanzada para reducir el estr\u00e9s en gatos. Su nueva f\u00f3rmula de feromonas mejorada ayuda a controlar m\u00faltiples situaciones de estr\u00e9s como marcaje, ara\u00f1azos, miedo o cambios en el entorno, proporcionando un bienestar m\u00e1s completo y eficaz.<\/p>\n<\/div>\n","protected":false},"featured_media":20680,"template":"","meta":[],"product_brand":[101],"product_cat":[91],"product_tag":[],"class_list":{"0":"post-20678","1":"product","2":"type-product","3":"status-publish","4":"has-post-thumbnail","6":"product_brand-ceva","7":"product_cat-comportamiento","9":"first","10":"instock","11":"sale","12":"taxable","13":"shipping-taxable","14":"purchasable","15":"product-type-simple"},"_links":{"self":[{"href":"https:\/\/vitalcan.es\/tienda\/wp-json\/wp\/v2\/product\/20678","targetHints":{"allow":["GET"]}}],"collection":[{"href":"https:\/\/vitalcan.es\/tienda\/wp-json\/wp\/v2\/product"}],"about":[{"href":"https:\/\/vitalcan.es\/tienda\/wp-json\/wp\/v2\/types\/product"}],"wp:featuredmedia":[{"embeddable":true,"href":"https:\/\/vitalcan.es\/tienda\/wp-json\/wp\/v2\/media\/20680"}],"wp:attachment":[{"href":"https:\/\/vitalcan.es\/tienda\/wp-json\/wp\/v2\/media?parent=20678"}],"wp:term":[{"taxonomy":"product_brand","embeddable":true,"href":"https:\/\/vitalcan.es\/tienda\/wp-json\/wp\/v2\/product_brand?post=20678"},{"taxonomy":"product_cat","embeddable":true,"href":"https:\/\/vitalcan.es\/tienda\/wp-json\/wp\/v2\/product_cat?post=20678"},{"taxonomy":"product_tag","embeddable":true,"href":"https:\/\/vitalcan.es\/tienda\/wp-json\/wp\/v2\/product_tag?post=20678"}],"curies":[{"name":"wp","href":"https:\/\/api.w.org\/{rel}","templated":true}]}}